{"id":9,"date":"2019-05-08T07:57:35","date_gmt":"2019-05-08T07:57:35","guid":{"rendered":"https:\/\/bluebirdcaye.com\/?page_id=9"},"modified":"2020-09-08T18:14:46","modified_gmt":"2020-09-08T18:14:46","slug":"home-page","status":"publish","type":"page","link":"https:\/\/bluebirdcaye.com\/fr\/","title":{"rendered":"Home Page"},"content":{"rendered":"<div data-elementor-type=\"wp-post\" data-elementor-id=\"9\" class=\"elementor elementor-9\" data-elementor-settings=\"[]\">\n\t\t\t<div class=\"elementor-inner\">\n\t\t\t\t<div class=\"elementor-section-wrap\">\n\t\t\t\t\t\t\t<section class=\"elementor-element elementor-element-643f54fd elementor-section-full_width elementor-section-height-min-height elementor-section-items-stretch elementor-section-content-bottom elementor-section-height-default elementor-section elementor-top-section\" data-id=\"643f54fd\" data-element_type=\"section\" data-settings=\"{&quot;background_background&quot;:&quot;classic&quot;}\">\n\t\t\t\t\t\t<div class=\"elementor-container elementor-column-gap-no\">\n\t\t\t\t<div class=\"elementor-row\">\n\t\t\t\t<div class=\"elementor-element elementor-element-7c5bf108 elementor-column elementor-col-100 elementor-top-column\" data-id=\"7c5bf108\" data-element_type=\"column\">\n\t\t\t<div class=\"elementor-column-wrap\">\n\t\t\t\t\t<div class=\"elementor-widget-wrap\">\n\t\t\t\t\t\t<\/div>\n\t\t\t<\/div>\n\t\t<\/div>\n\t\t\t\t\t\t<\/div>\n\t\t\t<\/div>\n\t\t<\/section>\n\t\t\t\t<section class=\"elementor-element elementor-element-c7499d5 elementor-section-content-bottom elementor-section-boxed elementor-section-height-default elementor-section-height-default elementor-section elementor-top-section\" data-id=\"c7499d5\" data-element_type=\"section\" data-settings=\"{&quot;background_background&quot;:&quot;classic&quot;}\">\n\t\t\t\t\t\t<div class=\"elementor-container elementor-column-gap-no\">\n\t\t\t\t<div class=\"elementor-row\">\n\t\t\t\t<div class=\"elementor-element elementor-element-230eea1 elementor-column elementor-col-100 elementor-top-column\" data-id=\"230eea1\" data-element_type=\"column\">\n\t\t\t<div class=\"elementor-column-wrap  elementor-element-populated\">\n\t\t\t\t\t<div class=\"elementor-widget-wrap\">\n\t\t\t\t<div class=\"elementor-element elementor-element-cbae1cd elementor-widget elementor-widget-text-editor\" data-id=\"cbae1cd\" data-element_type=\"widget\" data-widget_type=\"text-editor.default\">\n\t\t\t\t<div class=\"elementor-widget-container\">\n\t\t\t\t\t<div class=\"elementor-text-editor elementor-clearfix\"><h2 style=\"font-family: camomile; text-align: center;\">Bluebird Caye Villas and Resort<\/h2><p>En tant que resort boutique, le Bluebird Caye Resort sera in\u00e9gal\u00e9 dans l'art de choyer ses clients avec une abondance de services exceptionnels et de commodit\u00e9s. Perch\u00e9 pr\u00e8s de l'une des merveilles naturelles les plus \u00e9tonnantes du monde, la Belize Barrier Reef, le resort offrira une vari\u00e9t\u00e9 d'aventures exaltantes dans un environnement luxueux, de la plong\u00e9e dans le monde sous-marin incroyable \u00e0 l'exploration des ruines mayas exceptionnellement bien pr\u00e9serv\u00e9es.<\/p><\/div>\n\t\t\t\t<\/div>\n\t\t\t\t<\/div>\n\t\t\t\t\t\t<\/div>\n\t\t\t<\/div>\n\t\t<\/div>\n\t\t\t\t\t\t<\/div>\n\t\t\t<\/div>\n\t\t<\/section>\n\t\t\t\t\t\t<\/div>\n\t\t\t<\/div>\n\t\t<\/div>","protected":false},"excerpt":{"rendered":"<p>Bluebird Caye Villas and Resort As a boutique resort, Bluebird Caye resort will be unsurpassed in the art of pampering its guests with an abundance of services and conveniences. Perched near one of the most stunning natural wonders of the world, the Belize Barrier Reef, the resort will offer a variety of exhilarating adventures in [&hellip;]<\/p>","protected":false},"author":2,"featured_media":681,"parent":0,"menu_order":0,"comment_status":"closed","ping_status":"closed","template":"","meta":[],"_links":{"self":[{"href":"https:\/\/bluebirdcaye.com\/fr\/wp-json\/wp\/v2\/pages\/9"}],"collection":[{"href":"https:\/\/bluebirdcaye.com\/fr\/wp-json\/wp\/v2\/pages"}],"about":[{"href":"https:\/\/bluebirdcaye.com\/fr\/wp-json\/wp\/v2\/types\/page"}],"author":[{"embeddable":true,"href":"https:\/\/bluebirdcaye.com\/fr\/wp-json\/wp\/v2\/users\/2"}],"replies":[{"embeddable":true,"href":"https:\/\/bluebirdcaye.com\/fr\/wp-json\/wp\/v2\/comments?post=9"}],"version-history":[{"count":4,"href":"https:\/\/bluebirdcaye.com\/fr\/wp-json\/wp\/v2\/pages\/9\/revisions"}],"predecessor-version":[{"id":940,"href":"https:\/\/bluebirdcaye.com\/fr\/wp-json\/wp\/v2\/pages\/9\/revisions\/940"}],"wp:featuredmedia":[{"embeddable":true,"href":"https:\/\/bluebirdcaye.com\/fr\/wp-json\/wp\/v2\/media\/681"}],"wp:attachment":[{"href":"https:\/\/bluebirdcaye.com\/fr\/wp-json\/wp\/v2\/media?parent=9"}],"curies":[{"name":"wp","href":"https:\/\/api.w.org\/{rel}","templated":true}]}}