{"id":841,"date":"2019-09-01T07:29:45","date_gmt":"2019-09-01T07:29:45","guid":{"rendered":"https:\/\/bluebirdcaye.com\/?page_id=841"},"modified":"2020-09-10T15:59:37","modified_gmt":"2020-09-10T15:59:37","slug":"bluebird-caye-villas","status":"publish","type":"page","link":"https:\/\/bluebirdcaye.com\/fr\/bluebird-caye-villas\/","title":{"rendered":"Bluebird Caye Villas"},"content":{"rendered":"<div data-elementor-type=\"wp-post\" data-elementor-id=\"841\" class=\"elementor elementor-841\" data-elementor-settings=\"[]\">\n\t\t\t<div class=\"elementor-inner\">\n\t\t\t\t<div class=\"elementor-section-wrap\">\n\t\t\t\t\t\t\t<section class=\"elementor-element elementor-element-5d7bfe87 elementor-section-full_width elementor-section-content-middle elementor-section-height-default elementor-section-height-default elementor-section elementor-top-section\" data-id=\"5d7bfe87\" data-element_type=\"section\" data-settings=\"{&quot;background_background&quot;:&quot;classic&quot;}\">\n\t\t\t\t\t\t<div class=\"elementor-container elementor-column-gap-no\">\n\t\t\t\t<div class=\"elementor-row\">\n\t\t\t\t<div class=\"elementor-element elementor-element-15ee6c1e elementor-column elementor-col-100 elementor-top-column\" data-id=\"15ee6c1e\" data-element_type=\"column\">\n\t\t\t<div class=\"elementor-column-wrap  elementor-element-populated\">\n\t\t\t\t\t<div class=\"elementor-widget-wrap\">\n\t\t\t\t<div class=\"elementor-element elementor-element-79f3ba8e elementor-widget elementor-widget-jet-slider\" data-id=\"79f3ba8e\" data-element_type=\"widget\" data-widget_type=\"jet-slider.default\">\n\t\t\t\t<div class=\"elementor-widget-container\">\n\t\t\t<div class=\"elementor-jet-slider jet-elements\">\n<div class=\"jet-slider jet-slider__image-exact\" data-settings='{\"sliderWidth\":{\"unit\":\"%\",\"size\":100,\"sizes\":[]},\"sliderHeight\":{\"unit\":\"vh\",\"size\":100,\"sizes\":[]},\"sliderHeightTablet\":{\"unit\":\"px\",\"size\":517,\"sizes\":[]},\"sliderHeightMobile\":{\"unit\":\"px\",\"size\":300,\"sizes\":[]},\"sliderNavigation\":true,\"sliderNavigationIcon\":\"jet-slider__arrow-icon-79f3ba8e\",\"sliderNaviOnHover\":false,\"sliderPagination\":false,\"sliderAutoplay\":true,\"sliderAutoplayDelay\":5000,\"sliderAutoplayOnHover\":\"pause\",\"sliderFullScreen\":false,\"sliderFullscreenIcon\":\"jet-slider__fullscreen-icon-79f3ba8e\",\"sliderShuffle\":false,\"sliderLoop\":true,\"sliderFadeMode\":false,\"slideDistance\":{\"unit\":\"px\",\"size\":10,\"sizes\":[]},\"slideDuration\":500,\"imageScaleMode\":\"exact\",\"thumbnails\":false,\"thumbnailWidth\":120,\"thumbnailWidthTablet\":\"\",\"thumbnailWidthMobile\":\"\",\"thumbnailHeight\":80,\"thumbnailHeightTablet\":\"\",\"thumbnailHeightMobile\":\"\",\"rightToLeft\":false}'>\n\t\n<div class=\"slider-pro\"><div class=\"jet-slider__arrow-icon-79f3ba8e hidden-html\"><i aria-hidden=\"true\" class=\"fas fa-angle-left\"><\/i><\/div><div class=\"jet-slider__fullscreen-icon-79f3ba8e hidden-html\"><\/div><div class=\"jet-slider__items sp-slides\">\n\n<div class=\"jet-slider__item sp-slide\"><img class=\"sp-image\" src=\"https:\/\/bluebirdcaye.com\/wp-content\/uploads\/2019\/07\/Small-Belize-Exterior-Rendering.jpg\" alt=\"Small-Belize-Exterior-Rendering\"><div class=\"jet-slider__content sp-layer\" data-position=\"centerCenter\" data-width=\"100%\" data-height=\"100%\" data-horizontal=\"0%\" data-show-transition=\"up\" data-show-duration=\"400\" data-show-delay=\"400\">\n\t\t<div class=\"jet-slider__content-item\">\n\t\t\t<div class=\"jet-slider__content-inner\">\n\t\t\t\t\t\t<div class=\"jet-slider__button-wrapper\">\t\t\t\t\t\t<\/div><\/div>\n\t\t<\/div>\n\t<\/div>\n<\/div>\n\n<div class=\"jet-slider__item sp-slide\"><img class=\"sp-image\" src=\"https:\/\/bluebirdcaye.com\/wp-content\/uploads\/2019\/07\/Villa-View_Revised_i.jpg\" alt=\"Villa-View_Revised_i\"><div class=\"jet-slider__content sp-layer\" data-position=\"centerCenter\" data-width=\"100%\" data-height=\"100%\" data-horizontal=\"0%\" data-show-transition=\"up\" data-show-duration=\"400\" data-show-delay=\"400\">\n\t\t<div class=\"jet-slider__content-item\">\n\t\t\t<div class=\"jet-slider__content-inner\">\n\t\t\t\t\t\t<div class=\"jet-slider__button-wrapper\">\t\t\t\t\t\t<\/div><\/div>\n\t\t<\/div>\n\t<\/div>\n<\/div>\n\n<div class=\"jet-slider__item sp-slide\"><img class=\"sp-image\" src=\"https:\/\/bluebirdcaye.com\/wp-content\/uploads\/2019\/07\/Belize-Villa-Top-View_Revised_i.jpg\" alt=\"Belize-Villa-Top-View_Revised_i\"><div class=\"jet-slider__content sp-layer\" data-position=\"centerCenter\" data-width=\"100%\" data-height=\"100%\" data-horizontal=\"0%\" data-show-transition=\"up\" data-show-duration=\"400\" data-show-delay=\"400\">\n\t\t<div class=\"jet-slider__content-item\">\n\t\t\t<div class=\"jet-slider__content-inner\">\n\t\t\t\t\t\t<div class=\"jet-slider__button-wrapper\">\t\t\t\t\t\t<\/div><\/div>\n\t\t<\/div>\n\t<\/div>\n<\/div>\n\n<\/div>\n<\/div>\n<\/div>\n<\/div>\t\t<\/div>\n\t\t\t\t<\/div>\n\t\t\t\t\t\t<\/div>\n\t\t\t<\/div>\n\t\t<\/div>\n\t\t\t\t\t\t<\/div>\n\t\t\t<\/div>\n\t\t<\/section>\n\t\t\t\t<section class=\"elementor-element elementor-element-50b0de01 elementor-section-boxed elementor-section-height-default elementor-section-height-default elementor-section elementor-top-section\" data-id=\"50b0de01\" data-element_type=\"section\">\n\t\t\t\t\t\t<div class=\"elementor-container elementor-column-gap-default\">\n\t\t\t\t<div class=\"elementor-row\">\n\t\t\t\t<div class=\"elementor-element elementor-element-42d029e3 elementor-column elementor-col-100 elementor-top-column\" data-id=\"42d029e3\" data-element_type=\"column\">\n\t\t\t<div class=\"elementor-column-wrap  elementor-element-populated\">\n\t\t\t\t\t<div class=\"elementor-widget-wrap\">\n\t\t\t\t<div class=\"elementor-element elementor-element-41c8feb8 elementor-widget elementor-widget-text-editor\" data-id=\"41c8feb8\" data-element_type=\"widget\" data-widget_type=\"text-editor.default\">\n\t\t\t\t<div class=\"elementor-widget-container\">\n\t\t\t\t\t<div class=\"elementor-text-editor elementor-clearfix\"><p>Bluebird Caye Villas<\/p><\/div>\n\t\t\t\t<\/div>\n\t\t\t\t<\/div>\n\t\t\t\t<div class=\"elementor-element elementor-element-7495d0bf elementor-widget elementor-widget-divider\" data-id=\"7495d0bf\" data-element_type=\"widget\" data-widget_type=\"divider.default\">\n\t\t\t\t<div class=\"elementor-widget-container\">\n\t\t\t\t\t<div class=\"elementor-divider\">\n\t\t\t<span class=\"elementor-divider-separator\">\n\t\t\t\t\t\t<\/span>\n\t\t<\/div>\n\t\t\t\t<\/div>\n\t\t\t\t<\/div>\n\t\t\t\t<div class=\"elementor-element elementor-element-8580b26 elementor-widget elementor-widget-text-editor\" data-id=\"8580b26\" data-element_type=\"widget\" data-widget_type=\"text-editor.default\">\n\t\t\t\t<div class=\"elementor-widget-container\">\n\t\t\t\t\t<div class=\"elementor-text-editor elementor-clearfix\"><p>Douze villas architecturales exceptionnelles avec un design contemporain unique bordent le c\u00f4t\u00e9 oc\u00e9anique de la partie nord calme de l'\u00eele. Ces villas se composent d'une structure \u00e0 poteaux et poutres en b\u00e9ton et sont finies en pl\u00e2tre, qui sont tous deux des mat\u00e9riaux omnipr\u00e9sents utilis\u00e9s dans l'industrie de la construction du Belize. Un espace de vie priv\u00e9 et une suite parentale flanquent une piscine \u00e0 d\u00e9bordement au deuxi\u00e8me niveau et constitueront les espaces les plus priv\u00e9s de la villa. Des chambres suppl\u00e9mentaires, une terrasse ext\u00e9rieure, une cuisine et une salle \u00e0 manger ext\u00e9rieure au niveau inf\u00e9rieur permettent une vie d\u00e9contract\u00e9e int\u00e9rieure-ext\u00e9rieure.<\/p><\/div>\n\t\t\t\t<\/div>\n\t\t\t\t<\/div>\n\t\t\t\t<div class=\"elementor-element elementor-element-a0ce8f7 elementor-widget elementor-widget-text-editor\" data-id=\"a0ce8f7\" data-element_type=\"widget\" data-widget_type=\"text-editor.default\">\n\t\t\t\t<div class=\"elementor-widget-container\">\n\t\t\t\t\t<div class=\"elementor-text-editor elementor-clearfix\"><p>Le relief naturel et les structures artificielles sont refl\u00e9t\u00e9s par un sentier circulaire sur\u00e9lev\u00e9, qui trace le contour du lagon int\u00e9rieur. Cette passerelle publique aura un restaurant de destination, et une biblioth\u00e8que avec salon et bar pour les propri\u00e9taires de villas.<\/p><\/div>\n\t\t\t\t<\/div>\n\t\t\t\t<\/div>\n\t\t\t\t\t\t<\/div>\n\t\t\t<\/div>\n\t\t<\/div>\n\t\t\t\t\t\t<\/div>\n\t\t\t<\/div>\n\t\t<\/section>\n\t\t\t\t<section class=\"elementor-element elementor-element-5fab9e84 elementor-section-height-min-height IntroBanners elementor-section-boxed elementor-section-height-default elementor-section-items-middle elementor-section elementor-top-section\" data-id=\"5fab9e84\" data-element_type=\"section\" data-settings=\"{&quot;background_background&quot;:&quot;classic&quot;}\">\n\t\t\t\t\t\t<div class=\"elementor-container elementor-column-gap-no\">\n\t\t\t\t<div class=\"elementor-row\">\n\t\t\t\t<div class=\"elementor-element elementor-element-a05a040 elementor-column elementor-col-100 elementor-top-column\" data-id=\"a05a040\" data-element_type=\"column\" data-settings=\"{&quot;background_background&quot;:&quot;classic&quot;}\">\n\t\t\t<div class=\"elementor-column-wrap  elementor-element-populated\">\n\t\t\t\t\t<div class=\"elementor-widget-wrap\">\n\t\t\t\t<div class=\"elementor-element elementor-element-3d1530c elementor-widget elementor-widget-heading\" data-id=\"3d1530c\" data-element_type=\"widget\" data-widget_type=\"heading.default\">\n\t\t\t\t<div class=\"elementor-widget-container\">\n\t\t\t<h1 class=\"elementor-heading-title elementor-size-default\">Top View<\/h1>\t\t<\/div>\n\t\t\t\t<\/div>\n\t\t\t\t\t\t<\/div>\n\t\t\t<\/div>\n\t\t<\/div>\n\t\t\t\t\t\t<\/div>\n\t\t\t<\/div>\n\t\t<\/section>\n\t\t\t\t<section class=\"elementor-element elementor-element-6ad8efa6 elementor-section-height-min-height IntroBanners elementor-section-boxed elementor-section-height-default elementor-section-items-middle elementor-section elementor-top-section\" data-id=\"6ad8efa6\" data-element_type=\"section\" data-settings=\"{&quot;background_background&quot;:&quot;classic&quot;}\">\n\t\t\t\t\t\t<div class=\"elementor-container elementor-column-gap-no\">\n\t\t\t\t<div class=\"elementor-row\">\n\t\t\t\t<div class=\"elementor-element elementor-element-9cf52a6 elementor-column elementor-col-100 elementor-top-column\" data-id=\"9cf52a6\" data-element_type=\"column\" data-settings=\"{&quot;background_background&quot;:&quot;classic&quot;}\">\n\t\t\t<div class=\"elementor-column-wrap  elementor-element-populated\">\n\t\t\t\t\t<div class=\"elementor-widget-wrap\">\n\t\t\t\t<div class=\"elementor-element elementor-element-a87f104 elementor-widget elementor-widget-heading\" data-id=\"a87f104\" data-element_type=\"widget\" data-widget_type=\"heading.default\">\n\t\t\t\t<div class=\"elementor-widget-container\">\n\t\t\t<h1 class=\"elementor-heading-title elementor-size-default\">Garden Lobby<\/h1>\t\t<\/div>\n\t\t\t\t<\/div>\n\t\t\t\t\t\t<\/div>\n\t\t\t<\/div>\n\t\t<\/div>\n\t\t\t\t\t\t<\/div>\n\t\t\t<\/div>\n\t\t<\/section>\n\t\t\t\t<section class=\"elementor-element elementor-element-61a5654 elementor-section-height-min-height IntroBanners elementor-section-boxed elementor-section-height-default elementor-section-items-middle elementor-section elementor-top-section\" data-id=\"61a5654\" data-element_type=\"section\" data-settings=\"{&quot;background_background&quot;:&quot;classic&quot;}\">\n\t\t\t\t\t\t<div class=\"elementor-container elementor-column-gap-no\">\n\t\t\t\t<div class=\"elementor-row\">\n\t\t\t\t<div class=\"elementor-element elementor-element-4482c9cc elementor-column elementor-col-100 elementor-top-column\" data-id=\"4482c9cc\" data-element_type=\"column\" data-settings=\"{&quot;background_background&quot;:&quot;classic&quot;}\">\n\t\t\t<div class=\"elementor-column-wrap  elementor-element-populated\">\n\t\t\t\t\t<div class=\"elementor-widget-wrap\">\n\t\t\t\t<div class=\"elementor-element elementor-element-2f033cce elementor-widget elementor-widget-heading\" data-id=\"2f033cce\" data-element_type=\"widget\" data-widget_type=\"heading.default\">\n\t\t\t\t<div class=\"elementor-widget-container\">\n\t\t\t<h1 class=\"elementor-heading-title elementor-size-default\">Lobby Pool<\/h1>\t\t<\/div>\n\t\t\t\t<\/div>\n\t\t\t\t\t\t<\/div>\n\t\t\t<\/div>\n\t\t<\/div>\n\t\t\t\t\t\t<\/div>\n\t\t\t<\/div>\n\t\t<\/section>\n\t\t\t\t<section class=\"elementor-element elementor-element-e314f7e elementor-section-full_width elementor-section-height-default elementor-section-height-default elementor-section elementor-top-section\" data-id=\"e314f7e\" data-element_type=\"section\">\n\t\t\t\t\t\t<div class=\"elementor-container elementor-column-gap-no\">\n\t\t\t\t<div class=\"elementor-row\">\n\t\t\t\t<div class=\"elementor-element elementor-element-dc3f97c elementor-column elementor-col-100 elementor-top-column\" data-id=\"dc3f97c\" data-element_type=\"column\">\n\t\t\t<div class=\"elementor-column-wrap  elementor-element-populated\">\n\t\t\t\t\t<div class=\"elementor-widget-wrap\">\n\t\t\t\t<div class=\"elementor-element elementor-element-1d8186f8 elementor-widget elementor-widget-jet-images-layout\" data-id=\"1d8186f8\" data-element_type=\"widget\" data-widget_type=\"jet-images-layout.default\">\n\t\t\t\t<div class=\"elementor-widget-container\">\n\t\t\t<div class=\"elementor-jet-images-layout jet-elements\">\n<div class=\"jet-images-layout layout-type-grid\" data-settings='{\"layoutType\":\"grid\",\"columns\":\"2\",\"columnsTablet\":\"\",\"columnsMobile\":\"\",\"justifyHeight\":300}'>\n\t<div class=\"jet-images-layout__list col-row disable-cols-gap disable-rows-gap column-desktop-2 column-tablet-2 column-mobile-1\" >\n<div class=\"jet-images-layout__item col-desk-2\">\n\t<div class=\"jet-images-layout__inner\">\n\t\t<div class=\"jet-images-layout__image-loader\"><span><\/span><\/div>\n\t\t<a class=\"jet-images-layout__link\" href=\"https:\/\/bluebirdcaye.com\/wp-content\/uploads\/2019\/07\/View3.jpg\" data-elementor-open-lightbox=\"yes\" data-elementor-lightbox-slideshow=\"1d8186f8\">\n\t\t\t<div class=\"jet-images-layout__image\">\n\t\t\t\t<img class=\"jet-images-layout__image-instance\" src=\"https:\/\/bluebirdcaye.com\/wp-content\/uploads\/2019\/07\/View3.jpg\" alt=\"View3\">\t\t\t<\/div>\n\t\t\t<div class=\"jet-images-layout__content\"><div class=\"jet-images-layout__icon\"><div class=\"jet-images-layout-icon-inner\"><i aria-hidden=\"true\" class=\"fas fa-search-plus\"><\/i><\/div><\/div><h5 class=\"jet-images-layout__title\">TWO BEDROOM SUITE<\/h5><\/div>\n\t\t<\/a>\n\t<\/div>\n<\/div>\n<div class=\"jet-images-layout__item col-desk-2\">\n\t<div class=\"jet-images-layout__inner\">\n\t\t<div class=\"jet-images-layout__image-loader\"><span><\/span><\/div>\n\t\t<a class=\"jet-images-layout__link\" href=\"https:\/\/bluebirdcaye.com\/wp-content\/uploads\/2019\/07\/Villa-View_Revised_i.jpg\" data-elementor-open-lightbox=\"yes\" data-elementor-lightbox-slideshow=\"1d8186f8\">\n\t\t\t<div class=\"jet-images-layout__image\">\n\t\t\t\t<img class=\"jet-images-layout__image-instance\" src=\"https:\/\/bluebirdcaye.com\/wp-content\/uploads\/2019\/07\/Villa-View_Revised_i.jpg\" alt=\"Villa-View_Revised_i\">\t\t\t<\/div>\n\t\t\t<div class=\"jet-images-layout__content\"><div class=\"jet-images-layout__icon\"><div class=\"jet-images-layout-icon-inner\"><i aria-hidden=\"true\" class=\"fas fa-search-plus\"><\/i><\/div><\/div><h5 class=\"jet-images-layout__title\">VIEW OF TERRACE<\/h5><\/div>\n\t\t<\/a>\n\t<\/div>\n<\/div>\n<\/div><\/div>\n<\/div>\t\t<\/div>\n\t\t\t\t<\/div>\n\t\t\t\t\t\t<\/div>\n\t\t\t<\/div>\n\t\t<\/div>\n\t\t\t\t\t\t<\/div>\n\t\t\t<\/div>\n\t\t<\/section>\n\t\t\t\t<section class=\"elementor-element elementor-element-586bdd1e elementor-section-full_width elementor-section-height-default elementor-section-height-default elementor-section elementor-top-section\" data-id=\"586bdd1e\" data-element_type=\"section\">\n\t\t\t\t\t\t<div class=\"elementor-container elementor-column-gap-no\">\n\t\t\t\t<div class=\"elementor-row\">\n\t\t\t\t<div class=\"elementor-element elementor-element-ca6eff6 elementor-column elementor-col-100 elementor-top-column\" data-id=\"ca6eff6\" data-element_type=\"column\">\n\t\t\t<div class=\"elementor-column-wrap  elementor-element-populated\">\n\t\t\t\t\t<div class=\"elementor-widget-wrap\">\n\t\t\t\t<div class=\"elementor-element elementor-element-7dfc2ae1 elementor-widget elementor-widget-jet-images-layout\" data-id=\"7dfc2ae1\" data-element_type=\"widget\" data-widget_type=\"jet-images-layout.default\">\n\t\t\t\t<div class=\"elementor-widget-container\">\n\t\t\t<div class=\"elementor-jet-images-layout jet-elements\">\n<div class=\"jet-images-layout layout-type-grid\" data-settings='{\"layoutType\":\"grid\",\"columns\":\"3\",\"columnsTablet\":\"\",\"columnsMobile\":\"\",\"justifyHeight\":300}'>\n\t<div class=\"jet-images-layout__list col-row disable-cols-gap disable-rows-gap column-desktop-3 column-tablet-2 column-mobile-1\" >\n<div class=\"jet-images-layout__item col-desk-3\">\n\t<div class=\"jet-images-layout__inner\">\n\t\t<div class=\"jet-images-layout__image-loader\"><span><\/span><\/div>\n\t\t<a class=\"jet-images-layout__link\" href=\"https:\/\/bluebirdcaye.com\/wp-content\/uploads\/2019\/07\/View5.jpg\" data-elementor-open-lightbox=\"yes\" data-elementor-lightbox-slideshow=\"7dfc2ae1\">\n\t\t\t<div class=\"jet-images-layout__image\">\n\t\t\t\t<img class=\"jet-images-layout__image-instance\" src=\"https:\/\/bluebirdcaye.com\/wp-content\/uploads\/2019\/07\/View5.jpg\" alt=\"View5\">\t\t\t<\/div>\n\t\t\t<div class=\"jet-images-layout__content\"><div class=\"jet-images-layout__icon\"><div class=\"jet-images-layout-icon-inner\"><i aria-hidden=\"true\" class=\"fas fa-search-plus\"><\/i><\/div><\/div><\/div>\n\t\t<\/a>\n\t<\/div>\n<\/div>\n<div class=\"jet-images-layout__item col-desk-3\">\n\t<div class=\"jet-images-layout__inner\">\n\t\t<div class=\"jet-images-layout__image-loader\"><span><\/span><\/div>\n\t\t<a class=\"jet-images-layout__link\" href=\"https:\/\/bluebirdcaye.com\/wp-content\/uploads\/2019\/07\/Garden-View-from-Lobby.jpg\" data-elementor-open-lightbox=\"yes\" data-elementor-lightbox-slideshow=\"7dfc2ae1\">\n\t\t\t<div class=\"jet-images-layout__image\">\n\t\t\t\t<img class=\"jet-images-layout__image-instance\" src=\"https:\/\/bluebirdcaye.com\/wp-content\/uploads\/2019\/07\/Garden-View-from-Lobby.jpg\" alt=\"Garden-View-from-Lobby\">\t\t\t<\/div>\n\t\t\t<div class=\"jet-images-layout__content\"><div class=\"jet-images-layout__icon\"><div class=\"jet-images-layout-icon-inner\"><i aria-hidden=\"true\" class=\"fas fa-search-plus\"><\/i><\/div><\/div><\/div>\n\t\t<\/a>\n\t<\/div>\n<\/div>\n<div class=\"jet-images-layout__item col-desk-3\">\n\t<div class=\"jet-images-layout__inner\">\n\t\t<div class=\"jet-images-layout__image-loader\"><span><\/span><\/div>\n\t\t<a class=\"jet-images-layout__link\" href=\"https:\/\/bluebirdcaye.com\/wp-content\/uploads\/2019\/07\/view-4.jpg\" data-elementor-open-lightbox=\"yes\" data-elementor-lightbox-slideshow=\"7dfc2ae1\">\n\t\t\t<div class=\"jet-images-layout__image\">\n\t\t\t\t<img class=\"jet-images-layout__image-instance\" src=\"https:\/\/bluebirdcaye.com\/wp-content\/uploads\/2019\/07\/view-4.jpg\" alt=\"view-4\">\t\t\t<\/div>\n\t\t\t<div class=\"jet-images-layout__content\"><div class=\"jet-images-layout__icon\"><div class=\"jet-images-layout-icon-inner\"><i aria-hidden=\"true\" class=\"fas fa-search-plus\"><\/i><\/div><\/div><\/div>\n\t\t<\/a>\n\t<\/div>\n<\/div>\n<div class=\"jet-images-layout__item col-desk-3\">\n\t<div class=\"jet-images-layout__inner\">\n\t\t<div class=\"jet-images-layout__image-loader\"><span><\/span><\/div>\n\t\t<a class=\"jet-images-layout__link\" href=\"https:\/\/bluebirdcaye.com\/wp-content\/uploads\/2019\/07\/View4.jpg\" data-elementor-open-lightbox=\"yes\" data-elementor-lightbox-slideshow=\"7dfc2ae1\">\n\t\t\t<div class=\"jet-images-layout__image\">\n\t\t\t\t<img class=\"jet-images-layout__image-instance\" src=\"https:\/\/bluebirdcaye.com\/wp-content\/uploads\/2019\/07\/View4.jpg\" alt=\"View4\">\t\t\t<\/div>\n\t\t\t<div class=\"jet-images-layout__content\"><div class=\"jet-images-layout__icon\"><div class=\"jet-images-layout-icon-inner\"><i aria-hidden=\"true\" class=\"fas fa-search-plus\"><\/i><\/div><\/div><\/div>\n\t\t<\/a>\n\t<\/div>\n<\/div>\n<div class=\"jet-images-layout__item col-desk-3\">\n\t<div class=\"jet-images-layout__inner\">\n\t\t<div class=\"jet-images-layout__image-loader\"><span><\/span><\/div>\n\t\t<a class=\"jet-images-layout__link\" href=\"https:\/\/bluebirdcaye.com\/wp-content\/uploads\/2019\/07\/Belize-Villa-Front-View_Curved-Version_Revised.jpg\" data-elementor-open-lightbox=\"yes\" data-elementor-lightbox-slideshow=\"7dfc2ae1\">\n\t\t\t<div class=\"jet-images-layout__image\">\n\t\t\t\t<img class=\"jet-images-layout__image-instance\" src=\"https:\/\/bluebirdcaye.com\/wp-content\/uploads\/2019\/07\/Belize-Villa-Front-View_Curved-Version_Revised.jpg\" alt=\"Belize-Villa-Front-View_Curved-Version_Revised\">\t\t\t<\/div>\n\t\t\t<div class=\"jet-images-layout__content\"><div class=\"jet-images-layout__icon\"><div class=\"jet-images-layout-icon-inner\"><i aria-hidden=\"true\" class=\"fas fa-search-plus\"><\/i><\/div><\/div><\/div>\n\t\t<\/a>\n\t<\/div>\n<\/div>\n<div class=\"jet-images-layout__item col-desk-3\">\n\t<div class=\"jet-images-layout__inner\">\n\t\t<div class=\"jet-images-layout__image-loader\"><span><\/span><\/div>\n\t\t<a class=\"jet-images-layout__link\" href=\"https:\/\/bluebirdcaye.com\/wp-content\/uploads\/2019\/07\/View2.jpg\" data-elementor-open-lightbox=\"yes\" data-elementor-lightbox-slideshow=\"7dfc2ae1\">\n\t\t\t<div class=\"jet-images-layout__image\">\n\t\t\t\t<img class=\"jet-images-layout__image-instance\" src=\"https:\/\/bluebirdcaye.com\/wp-content\/uploads\/2019\/07\/View2.jpg\" alt=\"View2\">\t\t\t<\/div>\n\t\t\t<div class=\"jet-images-layout__content\"><div class=\"jet-images-layout__icon\"><div class=\"jet-images-layout-icon-inner\"><i aria-hidden=\"true\" class=\"fas fa-search-plus\"><\/i><\/div><\/div><\/div>\n\t\t<\/a>\n\t<\/div>\n<\/div>\n<\/div><\/div>\n<\/div>\t\t<\/div>\n\t\t\t\t<\/div>\n\t\t\t\t\t\t<\/div>\n\t\t\t<\/div>\n\t\t<\/div>\n\t\t\t\t\t\t<\/div>\n\t\t\t<\/div>\n\t\t<\/section>\n\t\t\t\t<section class=\"elementor-element elementor-element-12cf7f0 elementor-section-full_width elementor-section-height-default elementor-section-height-default elementor-section elementor-top-section\" data-id=\"12cf7f0\" data-element_type=\"section\">\n\t\t\t\t\t\t<div class=\"elementor-container elementor-column-gap-no\">\n\t\t\t\t<div class=\"elementor-row\">\n\t\t\t\t<div class=\"elementor-element elementor-element-038e22e elementor-column elementor-col-100 elementor-top-column\" data-id=\"038e22e\" data-element_type=\"column\">\n\t\t\t<div class=\"elementor-column-wrap  elementor-element-populated\">\n\t\t\t\t\t<div class=\"elementor-widget-wrap\">\n\t\t\t\t<div class=\"elementor-element elementor-element-13e07ce elementor-widget elementor-widget-google_maps\" data-id=\"13e07ce\" data-element_type=\"widget\" data-widget_type=\"google_maps.default\">\n\t\t\t\t<div class=\"elementor-widget-container\">\n\t\t\t<div class=\"elementor-custom-embed\"><iframe frameborder=\"0\" scrolling=\"no\" marginheight=\"0\" marginwidth=\"0\" src=\"https:\/\/maps.google.com\/maps?q=Placencia%2C%20Belize&amp;t=m&amp;z=9&amp;output=embed&amp;iwloc=near\" aria-label=\"Placencia, Belize\"><\/iframe><\/div>\t\t<\/div>\n\t\t\t\t<\/div>\n\t\t\t\t\t\t<\/div>\n\t\t\t<\/div>\n\t\t<\/div>\n\t\t\t\t\t\t<\/div>\n\t\t\t<\/div>\n\t\t<\/section>\n\t\t\t\t\t\t<\/div>\n\t\t\t<\/div>\n\t\t<\/div>","protected":false},"excerpt":{"rendered":"<p>Bluebird Caye Villas Twelve outstanding architectural villas with a unique contemporary design are rimming the ocean side of the quiet north part of the island. These villas consist of a post and beam structure in concrete and are finished in plaster, both of which are ubiquitous materials used in the construction industry of Belize. Private [&hellip;]<\/p>","protected":false},"author":2,"featured_media":0,"parent":0,"menu_order":0,"comment_status":"closed","ping_status":"closed","template":"page-nav-transparent.php","meta":[],"_links":{"self":[{"href":"https:\/\/bluebirdcaye.com\/fr\/wp-json\/wp\/v2\/pages\/841"}],"collection":[{"href":"https:\/\/bluebirdcaye.com\/fr\/wp-json\/wp\/v2\/pages"}],"about":[{"href":"https:\/\/bluebirdcaye.com\/fr\/wp-json\/wp\/v2\/types\/page"}],"author":[{"embeddable":true,"href":"https:\/\/bluebirdcaye.com\/fr\/wp-json\/wp\/v2\/users\/2"}],"replies":[{"embeddable":true,"href":"https:\/\/bluebirdcaye.com\/fr\/wp-json\/wp\/v2\/comments?post=841"}],"version-history":[{"count":14,"href":"https:\/\/bluebirdcaye.com\/fr\/wp-json\/wp\/v2\/pages\/841\/revisions"}],"predecessor-version":[{"id":975,"href":"https:\/\/bluebirdcaye.com\/fr\/wp-json\/wp\/v2\/pages\/841\/revisions\/975"}],"wp:attachment":[{"href":"https:\/\/bluebirdcaye.com\/fr\/wp-json\/wp\/v2\/media?parent=841"}],"curies":[{"name":"wp","href":"https:\/\/api.w.org\/{rel}","templated":true}]}}