{"id":9,"date":"2019-05-08T07:57:35","date_gmt":"2019-05-08T07:57:35","guid":{"rendered":"https:\/\/bluebirdcaye.com\/?page_id=9"},"modified":"2020-09-08T18:14:46","modified_gmt":"2020-09-08T18:14:46","slug":"home-page","status":"publish","type":"page","link":"https:\/\/bluebirdcaye.com\/de\/","title":{"rendered":"Home Page"},"content":{"rendered":"<div data-elementor-type=\"wp-post\" data-elementor-id=\"9\" class=\"elementor elementor-9\" data-elementor-settings=\"[]\">\n\t\t\t<div class=\"elementor-inner\">\n\t\t\t\t<div class=\"elementor-section-wrap\">\n\t\t\t\t\t\t\t<section class=\"elementor-element elementor-element-643f54fd elementor-section-full_width elementor-section-height-min-height elementor-section-items-stretch elementor-section-content-bottom elementor-section-height-default elementor-section elementor-top-section\" data-id=\"643f54fd\" data-element_type=\"section\" data-settings=\"{&quot;background_background&quot;:&quot;classic&quot;}\">\n\t\t\t\t\t\t<div class=\"elementor-container elementor-column-gap-no\">\n\t\t\t\t<div class=\"elementor-row\">\n\t\t\t\t<div class=\"elementor-element elementor-element-7c5bf108 elementor-column elementor-col-100 elementor-top-column\" data-id=\"7c5bf108\" data-element_type=\"column\">\n\t\t\t<div class=\"elementor-column-wrap\">\n\t\t\t\t\t<div class=\"elementor-widget-wrap\">\n\t\t\t\t\t\t<\/div>\n\t\t\t<\/div>\n\t\t<\/div>\n\t\t\t\t\t\t<\/div>\n\t\t\t<\/div>\n\t\t<\/section>\n\t\t\t\t<section class=\"elementor-element elementor-element-c7499d5 elementor-section-content-bottom elementor-section-boxed elementor-section-height-default elementor-section-height-default elementor-section elementor-top-section\" data-id=\"c7499d5\" data-element_type=\"section\" data-settings=\"{&quot;background_background&quot;:&quot;classic&quot;}\">\n\t\t\t\t\t\t<div class=\"elementor-container elementor-column-gap-no\">\n\t\t\t\t<div class=\"elementor-row\">\n\t\t\t\t<div class=\"elementor-element elementor-element-230eea1 elementor-column elementor-col-100 elementor-top-column\" data-id=\"230eea1\" data-element_type=\"column\">\n\t\t\t<div class=\"elementor-column-wrap  elementor-element-populated\">\n\t\t\t\t\t<div class=\"elementor-widget-wrap\">\n\t\t\t\t<div class=\"elementor-element elementor-element-cbae1cd elementor-widget elementor-widget-text-editor\" data-id=\"cbae1cd\" data-element_type=\"widget\" data-widget_type=\"text-editor.default\">\n\t\t\t\t<div class=\"elementor-widget-container\">\n\t\t\t\t\t<div class=\"elementor-text-editor elementor-clearfix\"><h2 style=\"font-family: camomile; text-align: center;\">Bluebird Caye Villas and Resort<\/h2><p>Das Boutique-Resort Bluebird Caye ist un\u00fcbertroffen darin, seine G\u00e4ste mit einer F\u00fclle von ausserordentlichen Dienstleistungen und exklusiven Annehmlichkeiten zu verw\u00f6hnen. In der N\u00e4he eines der wundersch\u00f6nsten Naturwunder der Welt, dem Belize Barrier Reef gelegen, bietet es eine Vielzahl an aufregenden Abenteuern in einer erstklassigen, luxuri\u00f6sen Umgebung, vom Tauchen in der unglaublichen Unterwasserwelt bis hin zur Erkundung der gut erhaltenen Maya-Ruinen.<\/p><\/div>\n\t\t\t\t<\/div>\n\t\t\t\t<\/div>\n\t\t\t\t\t\t<\/div>\n\t\t\t<\/div>\n\t\t<\/div>\n\t\t\t\t\t\t<\/div>\n\t\t\t<\/div>\n\t\t<\/section>\n\t\t\t\t\t\t<\/div>\n\t\t\t<\/div>\n\t\t<\/div>","protected":false},"excerpt":{"rendered":"<p>Bluebird Caye Villas and Resort As a boutique resort, Bluebird Caye resort will be unsurpassed in the art of pampering its guests with an abundance of services and conveniences. Perched near one of the most stunning natural wonders of the world, the Belize Barrier Reef, the resort will offer a variety of exhilarating adventures in [&hellip;]<\/p>","protected":false},"author":2,"featured_media":681,"parent":0,"menu_order":0,"comment_status":"closed","ping_status":"closed","template":"","meta":[],"_links":{"self":[{"href":"https:\/\/bluebirdcaye.com\/de\/wp-json\/wp\/v2\/pages\/9"}],"collection":[{"href":"https:\/\/bluebirdcaye.com\/de\/wp-json\/wp\/v2\/pages"}],"about":[{"href":"https:\/\/bluebirdcaye.com\/de\/wp-json\/wp\/v2\/types\/page"}],"author":[{"embeddable":true,"href":"https:\/\/bluebirdcaye.com\/de\/wp-json\/wp\/v2\/users\/2"}],"replies":[{"embeddable":true,"href":"https:\/\/bluebirdcaye.com\/de\/wp-json\/wp\/v2\/comments?post=9"}],"version-history":[{"count":4,"href":"https:\/\/bluebirdcaye.com\/de\/wp-json\/wp\/v2\/pages\/9\/revisions"}],"predecessor-version":[{"id":940,"href":"https:\/\/bluebirdcaye.com\/de\/wp-json\/wp\/v2\/pages\/9\/revisions\/940"}],"wp:featuredmedia":[{"embeddable":true,"href":"https:\/\/bluebirdcaye.com\/de\/wp-json\/wp\/v2\/media\/681"}],"wp:attachment":[{"href":"https:\/\/bluebirdcaye.com\/de\/wp-json\/wp\/v2\/media?parent=9"}],"curies":[{"name":"wp","href":"https:\/\/api.w.org\/{rel}","templated":true}]}}